{"id":113,"date":"2024-01-03T21:36:46","date_gmt":"2024-01-03T21:36:46","guid":{"rendered":"https:\/\/aiaj.ifzg.hr\/?page_id=113"},"modified":"2025-12-22T15:47:16","modified_gmt":"2025-12-22T15:47:16","slug":"research-group","status":"publish","type":"page","link":"https:\/\/aiaj.ifzg.hr\/index.php\/research-group\/","title":{"rendered":"Research Group"},"content":{"rendered":"\n<p><strong><a href=\"https:\/\/tomislav.bracanovic.ifzg.hr\/\">Tomislav Bracanovi\u0107<\/a><\/strong>, Institute of Philosophy, Zagreb (project leader)<\/p>\n\n\n\n<p><strong><a href=\"https:\/\/www.ifzg.hr\/ustroj\/svi_zaposlenici_instituta_za_filozofiju\/drmic-zivotopis\/\">Helena Drmi\u0107<\/a><\/strong>, Institute of Philosophy, Zagreb<\/p>\n\n\n\n<p><strong><a href=\"https:\/\/www.pravo.unizg.hr\/ksenija.grubisic\">Ksenija Grubi\u0161i\u0107<\/a><\/strong>, Faculty of Law, University of Zagreb<\/p>\n\n\n\n<p><strong><a href=\"https:\/\/www.ifzg.hr\/djelatnici\/ivankovic-zivotopis\/\">Viktor Ivankovi\u0107<\/a><\/strong>, Institute of Philosophy, Zagreb<\/p>\n\n\n\n<p><strong><a href=\"https:\/\/tvrtko.jolic.ifzg.hr\/index.php\/home\/\">Tvrtko Joli\u0107<\/a><\/strong>, Institute of Philosophy, Zagreb<\/p>\n\n\n\n<p><strong><a href=\"https:\/\/www.universiteitleiden.nl\/en\/staffmembers\/karolina-kudlek#tab-1\" data-type=\"link\" data-id=\"https:\/\/www.uu.nl\/staff\/KKudlek\">Karolina Kudlek<\/a><\/strong>, Institute for Philosophy, Leiden University<\/p>\n\n\n\n<p><strong><a href=\"https:\/\/www.ifzg.hr\/djelatnici\/susnik-zivotopis\/\">Matej Su\u0161nik<\/a><\/strong>, Institute of Philosophy, Zagreb<\/p>\n\n\n\n<p><strong><a href=\"https:\/\/www.ifzg.hr\/organization\/all_employees_of_the_institute_of_philosophy\/tassella-cv\/\">Marco Tassella<\/a><\/strong>, Institute of Philosophy, Zagreb<\/p>\n\n\n\n<p><\/p>\n","protected":false},"excerpt":{"rendered":"<p>Tomislav Bracanovi\u0107, Institute of Philosophy, Zagreb (project leader) Helena Drmi\u0107, Institute of Philosophy, Zagreb Ksenija Grubi\u0161i\u0107, Faculty of Law, University of Zagreb Viktor Ivankovi\u0107, Institute of Philosophy, Zagreb Tvrtko Joli\u0107, Institute of Philosophy, Zagreb Karolina Kudlek, Institute for Philosophy, Leiden University Matej Su\u0161nik, Institute of Philosophy, Zagreb Marco Tassella, Institute of Philosophy, Zagreb<\/p>\n","protected":false},"author":1,"featured_media":0,"parent":0,"menu_order":0,"comment_status":"closed","ping_status":"closed","template":"","meta":{"footnotes":""},"class_list":["post-113","page","type-page","status-publish","hentry"],"_links":{"self":[{"href":"https:\/\/aiaj.ifzg.hr\/index.php\/wp-json\/wp\/v2\/pages\/113","targetHints":{"allow":["GET"]}}],"collection":[{"href":"https:\/\/aiaj.ifzg.hr\/index.php\/wp-json\/wp\/v2\/pages"}],"about":[{"href":"https:\/\/aiaj.ifzg.hr\/index.php\/wp-json\/wp\/v2\/types\/page"}],"author":[{"embeddable":true,"href":"https:\/\/aiaj.ifzg.hr\/index.php\/wp-json\/wp\/v2\/users\/1"}],"replies":[{"embeddable":true,"href":"https:\/\/aiaj.ifzg.hr\/index.php\/wp-json\/wp\/v2\/comments?post=113"}],"version-history":[{"count":17,"href":"https:\/\/aiaj.ifzg.hr\/index.php\/wp-json\/wp\/v2\/pages\/113\/revisions"}],"predecessor-version":[{"id":329,"href":"https:\/\/aiaj.ifzg.hr\/index.php\/wp-json\/wp\/v2\/pages\/113\/revisions\/329"}],"wp:attachment":[{"href":"https:\/\/aiaj.ifzg.hr\/index.php\/wp-json\/wp\/v2\/media?parent=113"}],"curies":[{"name":"wp","href":"https:\/\/api.w.org\/{rel}","templated":true}]}}