{"id":295,"date":"2025-12-19T20:04:21","date_gmt":"2025-12-19T20:04:21","guid":{"rendered":"https:\/\/aiaj.ifzg.hr\/?page_id=295"},"modified":"2025-12-19T21:09:01","modified_gmt":"2025-12-19T21:09:01","slug":"other-activities","status":"publish","type":"page","link":"https:\/\/aiaj.ifzg.hr\/index.php\/other-activities\/","title":{"rendered":"Other activities"},"content":{"rendered":"\n<ul class=\"wp-block-list\">\n<li>As part of professional development at a foreign institution, Tomislav Bracanovi\u0107 attended the workshop <em><a href=\"https:\/\/aiaj.ifzg.hr\/wp-content\/uploads\/2025\/12\/Karlsruhe-poster-1.pdf\">The Idea of Moral Progress in the Utilitarian Tradition<\/a><\/em> at KIT \u2013 Karlsruhe Institute of Technology, Karlsruhe, 23-24 May 2025. [Poster] [<a href=\"https:\/\/aiaj.ifzg.hr\/wp-content\/uploads\/2025\/12\/Karlsruhe-Program.pdf\">Program<\/a>]<br><\/li>\n\n\n\n<li>Viktor Ivankovi\u0107, Tomislav Bracanovi\u0107 and Nino Kadi\u0107 teach the graduate-level course <em><a href=\"https:\/\/www.fer.unizg.hr\/en\/course\/eant_b\">Ethics and New Technologies<\/a><\/em> (offered in Croatian and English for both domestic and international students) at the <a href=\"https:\/\/www.fer.unizg.hr\/en\">Faculty of Electrical Engineering and Computing<\/a>, University of Zagreb. The course coordinator is Prof. Stjepan Bogdan.<\/li>\n<\/ul>\n\n\n\n<p><\/p>\n","protected":false},"excerpt":{"rendered":"","protected":false},"author":1,"featured_media":0,"parent":0,"menu_order":0,"comment_status":"closed","ping_status":"closed","template":"","meta":{"footnotes":""},"class_list":["post-295","page","type-page","status-publish","hentry"],"_links":{"self":[{"href":"https:\/\/aiaj.ifzg.hr\/index.php\/wp-json\/wp\/v2\/pages\/295","targetHints":{"allow":["GET"]}}],"collection":[{"href":"https:\/\/aiaj.ifzg.hr\/index.php\/wp-json\/wp\/v2\/pages"}],"about":[{"href":"https:\/\/aiaj.ifzg.hr\/index.php\/wp-json\/wp\/v2\/types\/page"}],"author":[{"embeddable":true,"href":"https:\/\/aiaj.ifzg.hr\/index.php\/wp-json\/wp\/v2\/users\/1"}],"replies":[{"embeddable":true,"href":"https:\/\/aiaj.ifzg.hr\/index.php\/wp-json\/wp\/v2\/comments?post=295"}],"version-history":[{"count":14,"href":"https:\/\/aiaj.ifzg.hr\/index.php\/wp-json\/wp\/v2\/pages\/295\/revisions"}],"predecessor-version":[{"id":324,"href":"https:\/\/aiaj.ifzg.hr\/index.php\/wp-json\/wp\/v2\/pages\/295\/revisions\/324"}],"wp:attachment":[{"href":"https:\/\/aiaj.ifzg.hr\/index.php\/wp-json\/wp\/v2\/media?parent=295"}],"curies":[{"name":"wp","href":"https:\/\/api.w.org\/{rel}","templated":true}]}}