{"id":89,"date":"2024-01-03T21:07:42","date_gmt":"2024-01-03T21:07:42","guid":{"rendered":"https:\/\/aiaj.ifzg.hr\/?page_id=89"},"modified":"2026-02-10T11:21:25","modified_gmt":"2026-02-10T11:21:25","slug":"talks","status":"publish","type":"page","link":"https:\/\/aiaj.ifzg.hr\/index.php\/talks\/","title":{"rendered":"Talks"},"content":{"rendered":"\n<p><strong>Ivan Cerovac, Helena Drmi\u0107, Julija Perhat<\/strong>, \u201cRegulating misinformation and hate speech on digital platforms: An epistemic democratic perspective\u201d, <em><a href=\"https:\/\/aiaj.ifzg.hr\/wp-content\/uploads\/2026\/02\/EDDD_-1st-workshop_2026.pdf\" data-type=\"attachment\" data-id=\"343\">Knowledge, Power, and Participation in Digital Democracies, EDDD (Epistemic Democracy in a Digital Era) Workshop<\/a><\/em>, Rijeka 2026. [Crosbi]<\/p>\n\n\n\n<p><strong>Marco Tassella<\/strong>, kolokvij (istra\u017eiva\u010dki seminar) Instituta za filozofiju: <a href=\"https:\/\/ifzg.hr\/arhiva\/\">\u201cBeyond Moral Bots: An Updated Taxonomy of Artificial Moral Systems\u201d<\/a>, Zagreb 2025.<\/p>\n\n\n\n<p><strong>Helena Drmi\u0107<\/strong>, kolokvij (istra\u017eiva\u010dki seminar) Instituta za filozofiju: <a href=\"https:\/\/ifzg.hr\/arhiva\/\">\u201cProblem la\u017enih vijesti u digitalnom svijetu\u201d<\/a>, Zagreb 2025. [<a href=\"https:\/\/www.croris.hr\/crosbi\/publikacija\/prilog-skup\/915533\">Crosbi<\/a>]<\/p>\n\n\n\n<p><strong>Viktor Ivankovi\u0107<\/strong> &amp; <strong>Nino Kadi\u0107<\/strong>, \u201cCan a Videogame be Part of Croatian Philosophical Heritage? The Example of <em>The Talos Principle<\/em> Series\u201d, <em>Godi\u0161nja konferencija Instituta za filozofiju:&nbsp;<a href=\"https:\/\/content.ifzg.hr\/poveznice\/2025-Godisnja_konferencija_Instituta_za_filozofiju-Hrvatska_filozofija.pdf\" target=\"_blank\" rel=\"noreferrer noopener\">Hrvatska filozofija: Proslava pedeset godina \u010dasopisa&nbsp;Prilozi za istra\u017eivanje hrvatske filozofske ba\u0161tine<\/a><\/em>, Zagreb 2025.<\/p>\n\n\n\n<p><strong>Karolina Kudlek<\/strong>, \u201cCan AI support teaching philosophy? A look at <em>Sway<\/em>\u201d, <em><a href=\"https:\/\/aiaj.ifzg.hr\/wp-content\/uploads\/2025\/12\/GenAIWorkshopProgram.pdf\">Teaching Philosophy in the Shadow of Generative AI workshop, Institute of Philosophy<\/a><\/em>, Leiden University 2025.<\/p>\n\n\n\n<p><strong>Marco Tassella<\/strong>, \u201cGood for the Right Reasons: Towards Procedural Moral Enhancement\u201d, <em>Zagreb Applied Ethics Conference 2025:&nbsp;Moral Progress<\/em>, Zagreb 2025 [<a href=\"https:\/\/content.ifzg.hr\/poveznice\/2025-ZAEC_Conference_Programme.pdf\">Program<\/a>] [<a href=\"https:\/\/www.croris.hr\/crosbi\/publikacija\/prilog-skup\/905046\">Crosbi<\/a>]<\/p>\n\n\n\n<p><strong>Tvrtko Joli\u0107<\/strong>, \u201cThe Ethics of Communication in the Age of AI\u201d, <em>16th Conference of the Italian Society for Analytic Philosophy: Minds and Worlds<\/em>, Torino 2025 [<a href=\"https:\/\/sifaphilosophy.eu\/wp-content\/uploads\/2025\/08\/Programme10-COL-26.08.25.pdf\" data-type=\"link\" data-id=\"https:\/\/sifaphilosophy.eu\/wp-content\/uploads\/2025\/08\/Programme10-COL-26.08.25.pdf\">Program<\/a>] [<a href=\"https:\/\/www.croris.hr\/crosbi\/publikacija\/prilog-skup\/893860\">Crosbi<\/a>]<\/p>\n\n\n\n<p><strong><strong>Nino Kadi\u0107<\/strong><\/strong> &amp; <strong>Viktor Ivankovi\u0107<\/strong>, \u201cConscious AI and Moral Caution\u201d,&nbsp;<em>Thinking the Future:&nbsp;11th Congress of the Austrian Society for Philosophy<\/em>, Graz 2025. [<a href=\"https:\/\/oegp.org\/wp-content\/uploads\/2025\/02\/ProgrammeThinkingtheFuture_27.02.25.pdf\">Program<\/a> \/ <a href=\"https:\/\/oegp.org\/wp-content\/uploads\/2025\/02\/Thinking-the-Future_Book-of-Abstracts_24.2.2025.pdf\">Abstracts<\/a>]<\/p>\n\n\n\n<p><strong>Tomislav Bracanovi\u0107<\/strong>, \u201cAlgorithms and individualism\u201d,&nbsp;<em>Thinking the Future:&nbsp;11th Congress of the Austrian Society for Philosophy<\/em>, Graz 2025. [<a href=\"https:\/\/oegp.org\/wp-content\/uploads\/2025\/02\/ProgrammeThinkingtheFuture_27.02.25.pdf\">Program<\/a> \/ <a href=\"https:\/\/oegp.org\/wp-content\/uploads\/2025\/02\/Thinking-the-Future_Book-of-Abstracts_24.2.2025.pdf\">Abstracts<\/a>] [<a href=\"https:\/\/www.croris.hr\/crosbi\/publikacija\/prilog-skup\/872117\">Crosbi<\/a>]<\/p>\n\n\n\n<p><strong>Guglielmo Tamburrini<\/strong>, \u201cMilitarization of AI: new threats for peace and the human control of warfare\u201d, Institute of Philosophy, Zagreb, 22. 11. 2024. [<a href=\"https:\/\/content.ifzg.hr\/poveznice\/2024-Guglielmo_Tamburrini_poster.pdf\">Poster<\/a>]<\/p>\n\n\n\n<p><strong>Mirko Daniel Garasic<\/strong>, \u201cMedicine and AI: some ethical challenges\u201d, Institute of Philosophy, Zagreb, 25. 10. 2024. [<a href=\"https:\/\/content.ifzg.hr\/poveznice\/2024-Mirko_Daniel_Garasic-poster.pdf\" target=\"_blank\" rel=\"noreferrer noopener\">Poster<\/a>]<\/p>\n\n\n\n<p><strong>Matej Su\u0161nik<\/strong>, \u201cPravo i moral u ratu\u201d, <em>Naslje\u0111e u filozofiji: kontinuitet i promjene<\/em>, Udruga za promicanje filozofije, Zagreb, 25. 10. 2024. [<a href=\"https:\/\/aiaj.ifzg.hr\/wp-content\/uploads\/2024\/12\/UPF-program-102024.pdf\">Poster<\/a>] [<a href=\"https:\/\/www.croris.hr\/crosbi\/publikacija\/prilog-skup\/861613\">Crosbi<\/a>]<\/p>\n\n\n\n<p><strong>Tomislav Bracanovi\u0107<\/strong>, \u201cOn the ethics of AI\u201d,&nbsp;<em>Strengths and Challenges of AI in Contemporary &nbsp;Society<\/em>, Pugwash Croatia, ideje.hr, World Academy of Art and Science, Zagreb, 15. 10. 2024. [<a href=\"https:\/\/aiaj.ifzg.hr\/wp-content\/uploads\/2024\/12\/STRENGTHS-AND-CHALLENGES-OF-AI-IN-CONTEMPORARY-SOCIETY.pdf\">Poster<\/a>] [Also available on YouTube <a href=\"https:\/\/www.youtube.com\/watch?v=Ebw8d_29bko&amp;t=554s\">here<\/a>]<\/p>\n\n\n\n<p><strong>Tomislav Bracanovi\u0107<\/strong>, &#8220;Autonomous weapons systems: Nothing new on the ethical front&#8221;, 25th CSAP Annual Conference <em>Contemporary Philosophical Issues<\/em>, Croatian Society for Analytic Philosophy \/ Department of Philosophy, Faculty of Humanities and Social Sciences, Rijeka, 18-19. 7. 2024. [<a href=\"https:\/\/hdaf.ffri.hr\/wp-content\/uploads\/2024\/07\/Book-of-Abstracts_CPI-2024_FINAL.pdf\" data-type=\"link\" data-id=\"https:\/\/hdaf.ffri.hr\/wp-content\/uploads\/2024\/07\/Book-of-Abstracts_CPI-2024_FINAL.pdf\">Program &amp; Abstracts<\/a>]<\/p>\n\n\n\n<p><strong>Viktor Ivankovi\u0107<\/strong>, &#8220;Reconceiving transparency and watchfulness for AI-nudging&#8221;, <em>14th Braga Meetings on Ethics and Political Philosophy<\/em>, University of Minho Braga, Portugal, 26-28. 06. 2024. [<a href=\"https:\/\/14bragameetings.weebly.com\/uploads\/1\/5\/4\/2\/15425470\/program_-_14th_braga_meetings.pdf\" data-type=\"link\" data-id=\"https:\/\/14bragameetings.weebly.com\/uploads\/1\/5\/4\/2\/15425470\/program_-_14th_braga_meetings.pdf\">Program<\/a>] [<a href=\"https:\/\/www.croris.hr\/crosbi\/publikacija\/prilog-skup\/861379\">Crosbi<\/a>]<\/p>\n\n\n\n<p><strong>Tomislav Bracanovi\u0107<\/strong>, &#8220;Autonomna vozila i moralni skepticizam&#8221; [Autonomous vehicles and moral scepticism], interdisciplinarna znanstvena radionica <em>Umjetna inteligencija, robotika i vrijednosti<\/em>&nbsp;[<em>Artificial Intelligence, Robotics, and Values<\/em>], Institute of Philosophy, Zagreb, 22. 05. 2024.&nbsp;<a href=\"https:\/\/content.ifzg.hr\/poveznice\/Program-Umjetna_inteligencija_robotika_i_vrijednosti-20240522.pdf\" target=\"_blank\" rel=\"noreferrer noopener\">[Program]<\/a><\/p>\n\n\n\n<p><strong>Ksenija Grubi\u0161i\u0107<\/strong>, &#8220;Umjetna inteligencija, autonomija i pravednost: projekt i njegovi izazovi&#8221; [Artificial intelligence, autonomy and justice: the project and its challenges], interdisciplinarna znanstvena radionica <em>Umjetna inteligencija, robotika i vrijednosti<\/em>&nbsp;[<em>Artificial Intelligence, Robotics, and Values<\/em>], Institute of Philosophy, Zagreb, 22. 05. 2024.&nbsp;<a href=\"https:\/\/content.ifzg.hr\/poveznice\/Program-Umjetna_inteligencija_robotika_i_vrijednosti-20240522.pdf\" target=\"_blank\" rel=\"noreferrer noopener\">[Program]<\/a><\/p>\n\n\n\n<p><\/p>\n\n\n\n<p><\/p>\n","protected":false},"excerpt":{"rendered":"<p>Ivan Cerovac, Helena Drmi\u0107, Julija Perhat, \u201cRegulating misinformation and hate speech on digital platforms: An epistemic democratic perspective\u201d, Knowledge, Power, and Participation in Digital Democracies, EDDD (Epistemic Democracy in a Digital Era) Workshop, Rijeka 2026. [Crosbi] Marco Tassella, kolokvij (istra\u017eiva\u010dki seminar) Instituta za filozofiju: \u201cBeyond Moral Bots: An Updated Taxonomy of Artificial Moral Systems\u201d, Zagreb [&hellip;]<\/p>\n","protected":false},"author":1,"featured_media":0,"parent":0,"menu_order":0,"comment_status":"closed","ping_status":"closed","template":"","meta":{"footnotes":""},"class_list":["post-89","page","type-page","status-publish","hentry"],"_links":{"self":[{"href":"https:\/\/aiaj.ifzg.hr\/index.php\/wp-json\/wp\/v2\/pages\/89","targetHints":{"allow":["GET"]}}],"collection":[{"href":"https:\/\/aiaj.ifzg.hr\/index.php\/wp-json\/wp\/v2\/pages"}],"about":[{"href":"https:\/\/aiaj.ifzg.hr\/index.php\/wp-json\/wp\/v2\/types\/page"}],"author":[{"embeddable":true,"href":"https:\/\/aiaj.ifzg.hr\/index.php\/wp-json\/wp\/v2\/users\/1"}],"replies":[{"embeddable":true,"href":"https:\/\/aiaj.ifzg.hr\/index.php\/wp-json\/wp\/v2\/comments?post=89"}],"version-history":[{"count":36,"href":"https:\/\/aiaj.ifzg.hr\/index.php\/wp-json\/wp\/v2\/pages\/89\/revisions"}],"predecessor-version":[{"id":345,"href":"https:\/\/aiaj.ifzg.hr\/index.php\/wp-json\/wp\/v2\/pages\/89\/revisions\/345"}],"wp:attachment":[{"href":"https:\/\/aiaj.ifzg.hr\/index.php\/wp-json\/wp\/v2\/media?parent=89"}],"curies":[{"name":"wp","href":"https:\/\/api.w.org\/{rel}","templated":true}]}}